{"id":25,"date":"2015-12-10T01:13:19","date_gmt":"2015-12-10T01:13:19","guid":{"rendered":"http:\/\/4colores.com.mx\/entrada\/?page_id=25"},"modified":"2019-08-18T22:36:07","modified_gmt":"2019-08-19T03:36:07","slug":"contacto","status":"publish","type":"page","link":"https:\/\/4colores.com.mx\/entrada\/contacto\/","title":{"rendered":"Contacto"},"content":{"rendered":"<p>Naucalpan Edo. M\u00e9x.<br \/>\ninfo@4colores.com.mx<br \/>\nOficina: 5357-1964<b><br \/>\n<\/b><br \/>\n<em>Mariela V\u00e1zquez Hern\u00e1ndez<br \/>\ncuatrocolores@hotmail.com<br \/>\n<a href=\"http:\/\/credenciales-pvc.com.mx\/wp-content\/uploads\/2015\/10\/whatsapp-viber-line.jpg\"><img loading=\"lazy\" decoding=\"async\" class=\"alignnone wp-image-144\" src=\"http:\/\/credenciales-pvc.com.mx\/wp-content\/uploads\/2015\/10\/whatsapp-viber-line.jpg\" alt=\"whatsapp-viber-line\" width=\"102\" height=\"28\" \/><\/a>55-50545247<br \/>\n<\/em><\/p>\n<p><strong>H\u00e1ganos saber su inquietud y\/o comentario:<\/strong><\/p>\n","protected":false},"excerpt":{"rendered":"<p>Naucalpan Edo. M\u00e9x. info@4colores.com.mx Oficina: 5357-1964 Mariela V\u00e1zquez Hern\u00e1ndez cuatrocolores@hotmail.com 55-50545247 H\u00e1ganos saber su inquietud y\/o comentario:<\/p>\n","protected":false},"author":1,"featured_media":0,"parent":0,"menu_order":0,"comment_status":"closed","ping_status":"closed","template":"","meta":{"footnotes":""},"class_list":["post-25","page","type-page","status-publish","hentry"],"_links":{"self":[{"href":"https:\/\/4colores.com.mx\/entrada\/wp-json\/wp\/v2\/pages\/25","targetHints":{"allow":["GET"]}}],"collection":[{"href":"https:\/\/4colores.com.mx\/entrada\/wp-json\/wp\/v2\/pages"}],"about":[{"href":"https:\/\/4colores.com.mx\/entrada\/wp-json\/wp\/v2\/types\/page"}],"author":[{"embeddable":true,"href":"https:\/\/4colores.com.mx\/entrada\/wp-json\/wp\/v2\/users\/1"}],"replies":[{"embeddable":true,"href":"https:\/\/4colores.com.mx\/entrada\/wp-json\/wp\/v2\/comments?post=25"}],"version-history":[{"count":15,"href":"https:\/\/4colores.com.mx\/entrada\/wp-json\/wp\/v2\/pages\/25\/revisions"}],"predecessor-version":[{"id":152,"href":"https:\/\/4colores.com.mx\/entrada\/wp-json\/wp\/v2\/pages\/25\/revisions\/152"}],"wp:attachment":[{"href":"https:\/\/4colores.com.mx\/entrada\/wp-json\/wp\/v2\/media?parent=25"}],"curies":[{"name":"wp","href":"https:\/\/api.w.org\/{rel}","templated":true}]}}