{"id":27,"date":"2015-12-10T01:24:54","date_gmt":"2015-12-10T01:24:54","guid":{"rendered":"http:\/\/4colores.com.mx\/entrada\/?page_id=27"},"modified":"2016-01-21T20:44:01","modified_gmt":"2016-01-22T02:44:01","slug":"logo-e-identidad","status":"publish","type":"page","link":"https:\/\/4colores.com.mx\/entrada\/servicios\/logo-e-identidad\/","title":{"rendered":"Logo e Identidad"},"content":{"rendered":"<table>\n<tbody>\n<tr>\n<td width=\"196\"><a href=\"http:\/\/4colores.com.mx\/entrada\/wp-content\/uploads\/2015\/12\/Esfinge.jpg\"><img loading=\"lazy\" decoding=\"async\" class=\"alignnone wp-image-70\" src=\"http:\/\/4colores.com.mx\/entrada\/wp-content\/uploads\/2015\/12\/Esfinge-296x300.jpg\" alt=\"Esfinge\" width=\"170\" height=\"176\" \/><\/a><\/td>\n<td width=\"196\"><a href=\"http:\/\/4colores.com.mx\/entrada\/wp-content\/uploads\/2015\/12\/DO-2.jpg\"><img loading=\"lazy\" decoding=\"async\" class=\"alignnone wp-image-72\" src=\"http:\/\/4colores.com.mx\/entrada\/wp-content\/uploads\/2015\/12\/DO-2-260x300.jpg\" alt=\"DO-2\" width=\"187\" height=\"199\" \/><\/a><\/td>\n<td width=\"196\"><a href=\"http:\/\/4colores.com.mx\/entrada\/wp-content\/uploads\/2015\/12\/logo-31.png\"><img loading=\"lazy\" decoding=\"async\" class=\"alignnone wp-image-73\" src=\"http:\/\/4colores.com.mx\/entrada\/wp-content\/uploads\/2015\/12\/logo-31-242x300.png\" alt=\"logo-31\" width=\"155\" height=\"193\" srcset=\"https:\/\/4colores.com.mx\/entrada\/wp-content\/uploads\/2015\/12\/logo-31-242x300.png 242w, https:\/\/4colores.com.mx\/entrada\/wp-content\/uploads\/2015\/12\/logo-31.png 458w\" sizes=\"auto, (max-width: 155px) 100vw, 155px\" \/><\/a><\/td>\n<\/tr>\n<tr>\n<td width=\"196\"><a href=\"http:\/\/4colores.com.mx\/entrada\/wp-content\/uploads\/2015\/12\/Don-Cristobal-logo.jpg\"><img loading=\"lazy\" decoding=\"async\" class=\"alignnone wp-image-71\" src=\"http:\/\/4colores.com.mx\/entrada\/wp-content\/uploads\/2015\/12\/Don-Cristobal-logo-300x260.jpg\" alt=\"Don-Cristobal-logo\" width=\"193\" height=\"218\" \/><\/a><\/td>\n<td width=\"196\"><a href=\"http:\/\/4colores.com.mx\/entrada\/wp-content\/uploads\/2015\/12\/Logo-RAIX.jpg\"><img loading=\"lazy\" decoding=\"async\" class=\"alignnone wp-image-74\" src=\"http:\/\/4colores.com.mx\/entrada\/wp-content\/uploads\/2015\/12\/Logo-RAIX-300x268.jpg\" alt=\"Logo-RAIX\" width=\"180\" height=\"223\" \/><\/a><\/td>\n<td width=\"196\"><a href=\"http:\/\/4colores.com.mx\/entrada\/wp-content\/uploads\/2015\/12\/suspiritos-etiq.jpg\"><img loading=\"lazy\" decoding=\"async\" class=\"alignnone wp-image-75\" src=\"http:\/\/4colores.com.mx\/entrada\/wp-content\/uploads\/2015\/12\/suspiritos-etiq.jpg\" alt=\"suspiritos-etiq\" width=\"150\" height=\"194\" \/><\/a><\/td>\n<\/tr>\n<\/tbody>\n<\/table>\n<p class=\"Text\" style=\"text-align: justify;\">El Logo en relaci\u00f3n a la imagen de una empresa.<\/p>\n<p class=\"Text\" style=\"text-align: justify;\">El car\u00e1cter fundamental de un Logo dentro de la identidad corporativa remite a su absoluta necesidad para salir al mercado. Una compa\u00f1\u00eda sin Logo no puede vender sus productos ni hacer publicidad. Esto, es claro una dificultad y un impedimento que no se puede permitir. Por eso, cuando una persona contempla la posibilidad de abrir una empresa propia tiene que saber que para ello deber\u00e1 encargar el dise\u00f1o de un Logo corporativo. El Logo representa a la empresa de una manera publicitariamente formidable y comercialmente insustituible y empecinadamente necesaria: una empresa sin Logo es una empresa que no existe. La no existencia de una compa\u00f1\u00eda sin Logo es el resultado de la ineludible manera en que el p\u00fablico reconoce a las compa\u00f1\u00edas como tales. Dado el nivel de abstracci\u00f3n al que han llegado las empresas, s\u00f3lo el Logo puede aportar un poco de materialidad de la cual asirse para pensar a una compa\u00f1\u00eda como tal. Sin el Logo, las personas no pueden reconocer a una empresa y sus ventas no ser\u00e1n muy prometedoras. A la vez, el Logo es indispensable para vender los productos que comercializa la firma. \u00bfPuede usted imaginarse comprando un producto que no tenga el Logo de quien lo produce? La respuesta es rotunda: no, nadie comprar\u00eda un producto sin Logo porque lo considerar\u00eda, en primer lugar, demasiado extra\u00f1o y, en segundo, poco confiable dado que pareciera que nadie quiere hacerse responsable por \u00e9l.<\/p>\n<p class=\"Text\" style=\"text-align: justify;\">Por el otro lado, tenemos el car\u00e1cter fundacional del Logo, la identidad corporativa es el mensaje que resulta del conjunto de elementos gr\u00e1fico-visuales concatenados coherentemente. Esta vinculaci\u00f3n entre los elementos busca la coherencia para lograr transmitir un mensaje unificado. El poder de la identidad corporativa reside en que el mensaje que transmita sea un \u00fanico y mismo mensaje en todos los componentes que la conforman. Para lograr esta uniformidad en lo trasmitido los diferentes dise\u00f1os tiene que compartir un mismo criterio, unos par\u00e1metros relativamente estables que garanticen esta homogeneidad. El criterio se instala a partir del primer elemento de la serie (y m\u00e1s a\u00fan cuando \u00e9ste es el m\u00e1s importante). Como una empresa no puede lanzar sus productos al mercado sin el Logo corporativo, es \u00e9ste, necesariamente, el primer elemento de dise\u00f1o. A la vez, ser\u00e1 \u00e9ste el componente de la identidad corporativa que marque el rumbo de los subsiguientes componentes.<\/p>\n","protected":false},"excerpt":{"rendered":"<p>El Logo en relaci\u00f3n a la imagen de una empresa. El car\u00e1cter fundamental de un Logo dentro de la identidad corporativa remite a su absoluta necesidad para salir al mercado. Una compa\u00f1\u00eda sin Logo no puede vender sus productos ni hacer publicidad. Esto, es claro una dificultad y un impedimento que no se puede permitir. [&hellip;]<\/p>\n","protected":false},"author":1,"featured_media":0,"parent":2,"menu_order":0,"comment_status":"closed","ping_status":"closed","template":"","meta":{"footnotes":""},"class_list":["post-27","page","type-page","status-publish","hentry"],"_links":{"self":[{"href":"https:\/\/4colores.com.mx\/entrada\/wp-json\/wp\/v2\/pages\/27","targetHints":{"allow":["GET"]}}],"collection":[{"href":"https:\/\/4colores.com.mx\/entrada\/wp-json\/wp\/v2\/pages"}],"about":[{"href":"https:\/\/4colores.com.mx\/entrada\/wp-json\/wp\/v2\/types\/page"}],"author":[{"embeddable":true,"href":"https:\/\/4colores.com.mx\/entrada\/wp-json\/wp\/v2\/users\/1"}],"replies":[{"embeddable":true,"href":"https:\/\/4colores.com.mx\/entrada\/wp-json\/wp\/v2\/comments?post=27"}],"version-history":[{"count":7,"href":"https:\/\/4colores.com.mx\/entrada\/wp-json\/wp\/v2\/pages\/27\/revisions"}],"predecessor-version":[{"id":78,"href":"https:\/\/4colores.com.mx\/entrada\/wp-json\/wp\/v2\/pages\/27\/revisions\/78"}],"up":[{"embeddable":true,"href":"https:\/\/4colores.com.mx\/entrada\/wp-json\/wp\/v2\/pages\/2"}],"wp:attachment":[{"href":"https:\/\/4colores.com.mx\/entrada\/wp-json\/wp\/v2\/media?parent=27"}],"curies":[{"name":"wp","href":"https:\/\/api.w.org\/{rel}","templated":true}]}}