{"id":29,"date":"2015-12-10T01:25:38","date_gmt":"2015-12-10T01:25:38","guid":{"rendered":"http:\/\/4colores.com.mx\/entrada\/?page_id=29"},"modified":"2016-01-25T13:23:56","modified_gmt":"2016-01-25T19:23:56","slug":"ilustracion","status":"publish","type":"page","link":"https:\/\/4colores.com.mx\/entrada\/servicios\/ilustracion\/","title":{"rendered":"Ilustraci\u00f3n"},"content":{"rendered":"<p>El mundo nos da a conocer muchas cosas, s\u00f3lo Dios nos da los Talentos. MVH<\/p>\n<table>\n<tbody>\n<tr>\n<td width=\"196\"><a href=\"http:\/\/4colores.com.mx\/entrada\/wp-content\/uploads\/2015\/12\/chica-leyendo.jpg\"><img loading=\"lazy\" decoding=\"async\" class=\"alignnone wp-image-83\" src=\"http:\/\/4colores.com.mx\/entrada\/wp-content\/uploads\/2015\/12\/chica-leyendo-300x202.jpg\" alt=\"chica-leyendo\" width=\"204\" height=\"135\" \/><\/a><\/td>\n<td width=\"196\"><a href=\"http:\/\/4colores.com.mx\/entrada\/wp-content\/uploads\/2015\/12\/avatar4.jpg\"><img loading=\"lazy\" decoding=\"async\" class=\"alignnone wp-image-84\" src=\"http:\/\/4colores.com.mx\/entrada\/wp-content\/uploads\/2015\/12\/avatar4-265x300.jpg\" alt=\"avatar4\" width=\"148\" height=\"176\" \/><\/a><\/td>\n<td width=\"196\"><a href=\"http:\/\/4colores.com.mx\/entrada\/wp-content\/uploads\/2015\/12\/cientifico.jpg\"><img loading=\"lazy\" decoding=\"async\" class=\"alignnone wp-image-86\" src=\"http:\/\/4colores.com.mx\/entrada\/wp-content\/uploads\/2015\/12\/cientifico-300x217.jpg\" alt=\"Imprimir\" width=\"196\" height=\"144\" \/><\/a><\/td>\n<\/tr>\n<tr>\n<td width=\"196\"><a href=\"http:\/\/4colores.com.mx\/entrada\/wp-content\/uploads\/2015\/12\/teacher.jpg\"><img loading=\"lazy\" decoding=\"async\" class=\"alignnone wp-image-87\" src=\"http:\/\/4colores.com.mx\/entrada\/wp-content\/uploads\/2015\/12\/teacher-300x217.jpg\" alt=\"teacher\" width=\"200\" height=\"128\" \/><\/a><\/td>\n<td width=\"196\"><a href=\"http:\/\/4colores.com.mx\/entrada\/wp-content\/uploads\/2015\/12\/Monk-1.jpg\"><img loading=\"lazy\" decoding=\"async\" class=\"alignnone wp-image-85\" src=\"http:\/\/4colores.com.mx\/entrada\/wp-content\/uploads\/2015\/12\/Monk-1-275x300.jpg\" alt=\"Monk-1\" width=\"158\" height=\"186\" \/><\/a><\/td>\n<td width=\"196\">\u00a0<a href=\"http:\/\/4colores.com.mx\/entrada\/wp-content\/uploads\/2015\/12\/Vazquez_Mariela.jpg\"><img loading=\"lazy\" decoding=\"async\" class=\"alignnone  wp-image-94\" src=\"http:\/\/4colores.com.mx\/entrada\/wp-content\/uploads\/2015\/12\/Vazquez_Mariela-200x300.jpg\" alt=\"Vazquez_Mariela\" width=\"156\" height=\"218\" \/><\/a><\/td>\n<\/tr>\n<\/tbody>\n<\/table>\n<p style=\"text-align: justify;\">La <b>Ilustraci\u00f3n<\/b> fue un movimiento cultural e intelectual europeo (especialmente en Francia e Inglaterra) que se desarroll\u00f3 desde fines del siglo XVII hasta el inicio de la Revoluci\u00f3n francesa, aunque en algunos pa\u00edses se prolong\u00f3 durante los primeros a\u00f1os del siglo XIX. Fue denominada as\u00ed por su declarada finalidad de disipar las tinieblas de la humanidad mediante las luces de la raz\u00f3n. El siglo XVIII es conocido, por este motivo, como el <b>Siglo de las Luces<\/b>.<\/p>\n<p style=\"text-align: justify;\">Los pensadores de la Ilustraci\u00f3n sosten\u00edan que la raz\u00f3n humana pod\u00eda combatir la ignorancia, la superstici\u00f3n y la tiran\u00eda para construir un mundo mejor. La Ilustraci\u00f3n tuvo una gran influencia en aspectos econ\u00f3micos, pol\u00edticos y sociales de la \u00e9poca. La expresi\u00f3n est\u00e9tica de este movimiento intelectual se denominar\u00e1 neoclasicismo.<\/p>\n<p style=\"text-align: justify;\">En 4colores derrochamos talento, estamos para satisfacer su mayor exigencia.<\/p>\n","protected":false},"excerpt":{"rendered":"<p>El mundo nos da a conocer muchas cosas, s\u00f3lo Dios nos da los Talentos. MVH \u00a0 La Ilustraci\u00f3n fue un movimiento cultural e intelectual europeo (especialmente en Francia e Inglaterra) que se desarroll\u00f3 desde fines del siglo XVII hasta el inicio de la Revoluci\u00f3n francesa, aunque en algunos pa\u00edses se prolong\u00f3 durante los primeros a\u00f1os [&hellip;]<\/p>\n","protected":false},"author":1,"featured_media":0,"parent":2,"menu_order":0,"comment_status":"closed","ping_status":"closed","template":"","meta":{"footnotes":""},"class_list":["post-29","page","type-page","status-publish","hentry"],"_links":{"self":[{"href":"https:\/\/4colores.com.mx\/entrada\/wp-json\/wp\/v2\/pages\/29","targetHints":{"allow":["GET"]}}],"collection":[{"href":"https:\/\/4colores.com.mx\/entrada\/wp-json\/wp\/v2\/pages"}],"about":[{"href":"https:\/\/4colores.com.mx\/entrada\/wp-json\/wp\/v2\/types\/page"}],"author":[{"embeddable":true,"href":"https:\/\/4colores.com.mx\/entrada\/wp-json\/wp\/v2\/users\/1"}],"replies":[{"embeddable":true,"href":"https:\/\/4colores.com.mx\/entrada\/wp-json\/wp\/v2\/comments?post=29"}],"version-history":[{"count":10,"href":"https:\/\/4colores.com.mx\/entrada\/wp-json\/wp\/v2\/pages\/29\/revisions"}],"predecessor-version":[{"id":95,"href":"https:\/\/4colores.com.mx\/entrada\/wp-json\/wp\/v2\/pages\/29\/revisions\/95"}],"up":[{"embeddable":true,"href":"https:\/\/4colores.com.mx\/entrada\/wp-json\/wp\/v2\/pages\/2"}],"wp:attachment":[{"href":"https:\/\/4colores.com.mx\/entrada\/wp-json\/wp\/v2\/media?parent=29"}],"curies":[{"name":"wp","href":"https:\/\/api.w.org\/{rel}","templated":true}]}}