{"id":34,"date":"2015-12-10T01:27:21","date_gmt":"2015-12-10T01:27:21","guid":{"rendered":"http:\/\/4colores.com.mx\/entrada\/?page_id=34"},"modified":"2016-02-17T21:27:36","modified_gmt":"2016-02-18T03:27:36","slug":"flotillas","status":"publish","type":"page","link":"https:\/\/4colores.com.mx\/entrada\/servicios\/flotillas\/","title":{"rendered":"Flotillas"},"content":{"rendered":"<table>\n<tbody>\n<tr>\n<td style=\"text-align: center;\" width=\"294\"><a href=\"http:\/\/4colores.com.mx\/entrada\/wp-content\/uploads\/2015\/12\/ambulancia.jpeg\"><img loading=\"lazy\" decoding=\"async\" class=\"alignnone size-medium wp-image-110\" src=\"http:\/\/4colores.com.mx\/entrada\/wp-content\/uploads\/2015\/12\/ambulancia-300x169.jpeg\" alt=\"ambulancia\" width=\"300\" height=\"169\" srcset=\"https:\/\/4colores.com.mx\/entrada\/wp-content\/uploads\/2015\/12\/ambulancia-300x169.jpeg 300w, https:\/\/4colores.com.mx\/entrada\/wp-content\/uploads\/2015\/12\/ambulancia.jpeg 768w\" sizes=\"auto, (max-width: 300px) 100vw, 300px\" \/><\/a><\/td>\n<td width=\"294\"><a href=\"http:\/\/4colores.com.mx\/entrada\/wp-content\/uploads\/2015\/12\/fotos-smart-rotulado-004.jpg\"><img loading=\"lazy\" decoding=\"async\" class=\"alignnone size-medium wp-image-125\" src=\"http:\/\/4colores.com.mx\/entrada\/wp-content\/uploads\/2015\/12\/fotos-smart-rotulado-004-300x169.jpg\" alt=\"fotos-smart-rotulado-004\" width=\"300\" height=\"169\" srcset=\"https:\/\/4colores.com.mx\/entrada\/wp-content\/uploads\/2015\/12\/fotos-smart-rotulado-004-300x169.jpg 300w, https:\/\/4colores.com.mx\/entrada\/wp-content\/uploads\/2015\/12\/fotos-smart-rotulado-004.jpg 768w\" sizes=\"auto, (max-width: 300px) 100vw, 300px\" \/><\/a><\/td>\n<\/tr>\n<tr>\n<td width=\"294\"><a href=\"http:\/\/4colores.com.mx\/entrada\/wp-content\/uploads\/2015\/12\/rotulacion-furgo-b1.jpg\"><img loading=\"lazy\" decoding=\"async\" class=\"alignnone size-medium wp-image-117\" src=\"http:\/\/4colores.com.mx\/entrada\/wp-content\/uploads\/2015\/12\/rotulacion-furgo-b1-300x200.jpg\" alt=\"rotulacion-furgo-b\" width=\"300\" height=\"200\" srcset=\"https:\/\/4colores.com.mx\/entrada\/wp-content\/uploads\/2015\/12\/rotulacion-furgo-b1-300x200.jpg 300w, https:\/\/4colores.com.mx\/entrada\/wp-content\/uploads\/2015\/12\/rotulacion-furgo-b1.jpg 800w\" sizes=\"auto, (max-width: 300px) 100vw, 300px\" \/><\/a><\/td>\n<td width=\"294\"><a href=\"http:\/\/4colores.com.mx\/entrada\/wp-content\/uploads\/2015\/12\/troya.jpg\"><img loading=\"lazy\" decoding=\"async\" class=\"alignnone size-medium wp-image-119\" src=\"http:\/\/4colores.com.mx\/entrada\/wp-content\/uploads\/2015\/12\/troya-300x249.jpg\" alt=\"troya\" width=\"300\" height=\"249\" srcset=\"https:\/\/4colores.com.mx\/entrada\/wp-content\/uploads\/2015\/12\/troya-300x249.jpg 300w, https:\/\/4colores.com.mx\/entrada\/wp-content\/uploads\/2015\/12\/troya.jpg 356w\" sizes=\"auto, (max-width: 300px) 100vw, 300px\" \/><\/a><\/td>\n<\/tr>\n<\/tbody>\n<\/table>\n<h3>Ventajas<\/h3>\n<ul>\n<li>\n<div class=\"dot\"><\/div>\n<p>Versatilidad en Formas.<\/p>\n<div class=\"clear\"><\/div>\n<\/li>\n<li>\n<div class=\"dot\"><\/div>\n<p>Apariencia uniforme.<\/p>\n<div class=\"clear\"><\/div>\n<\/li>\n<li>\n<div class=\"dot\"><\/div>\n<p>Excelente calidad.<\/p>\n<div class=\"clear\"><\/div>\n<\/li>\n<li>\n<div class=\"dot\"><\/div>\n<p>Alta Durabilidad.<\/p>\n<div class=\"clear\"><\/div>\n<\/li>\n<li>\n<div class=\"dot\"><\/div>\n<p>R\u00e1pida Instalaci\u00f3n.<\/p>\n<div class=\"clear\"><\/div>\n<\/li>\n<li>\n<div class=\"dot\"><\/div>\n<p>Personalizaci\u00f3n.<\/p>\n<div class=\"clear\"><\/div>\n<\/li>\n<li>\n<div class=\"dot\"><\/div>\n<p>Desde un Veh\u00edculo.<\/p>\n<div class=\"clear\"><\/div>\n<\/li>\n<li>\n<div class=\"dot\"><\/div>\n<p>Campa\u00f1a en Movimiento.<\/li>\n<\/ul>\n<div class=\"column60 column-1-3\">\n<div class=\"productos_sidebar products\">\n<h3>Materiales<\/h3>\n<ul>\n<li>\n<div class=\"dot\"><\/div>\n<p>Vinil Impreso<\/p>\n<div class=\"clear\"><\/div>\n<\/li>\n<li>\n<div class=\"dot\"><\/div>\n<p>Vinil de Corte<\/p>\n<div class=\"clear\"><\/div>\n<\/li>\n<li>\n<div class=\"dot\"><\/div>\n<p>Vinil Reflejante<\/p>\n<div class=\"clear\"><\/div>\n<\/li>\n<li>\n<div class=\"dot\"><\/div>\n<p>Vinil Microperforado<\/p>\n<div class=\"clear\"><\/div>\n<\/li>\n<\/ul>\n<\/div>\n<\/div>\n<div class=\"column60 column-1-3 column-last\">\n<div class=\"productos_sidebar products\">\n<h3>Aplicaciones<\/h3>\n<ul>\n<li>\n<div class=\"dot\"><\/div>\n<p>Autos.<\/p>\n<div class=\"clear\"><\/div>\n<\/li>\n<li>\n<div class=\"dot\"><\/div>\n<p>Motocicletas.<\/p>\n<div class=\"clear\"><\/div>\n<\/li>\n<li>\n<div class=\"dot\"><\/div>\n<p>Cajas Frigor\u00edficas.<\/p>\n<div class=\"clear\"><\/div>\n<\/li>\n<li>\n<div class=\"dot\"><\/div>\n<p>Remolques.<\/p>\n<div class=\"clear\"><\/div>\n<\/li>\n<li>\n<div class=\"dot\"><\/div>\n<p>Camiones.<\/p>\n<div class=\"clear\"><\/div>\n<\/li>\n<li>\n<div class=\"dot\"><\/div>\n<p>Trailers.<\/p>\n<div class=\"clear\"><\/div>\n<\/li>\n<li>\n<div class=\"dot\"><\/div>\n<p>Refrigeradores.<\/p>\n<div class=\"clear\"><\/div>\n<\/li>\n<li>\n<div class=\"dot\"><\/div>\n<p>Congeladores.<\/p>\n<div class=\"clear\"><\/div>\n<\/li>\n<\/ul>\n<\/div>\n<\/div>\n<div class=\"clear\"><\/div>\n","protected":false},"excerpt":{"rendered":"<p>Ventajas Versatilidad en Formas. Apariencia uniforme. Excelente calidad. Alta Durabilidad. R\u00e1pida Instalaci\u00f3n. Personalizaci\u00f3n. Desde un Veh\u00edculo. Campa\u00f1a en Movimiento. Materiales Vinil Impreso Vinil de Corte Vinil Reflejante Vinil Microperforado Aplicaciones Autos. Motocicletas. Cajas Frigor\u00edficas. Remolques. Camiones. Trailers. Refrigeradores. Congeladores.<\/p>\n","protected":false},"author":1,"featured_media":0,"parent":2,"menu_order":0,"comment_status":"closed","ping_status":"closed","template":"","meta":{"footnotes":""},"class_list":["post-34","page","type-page","status-publish","hentry"],"_links":{"self":[{"href":"https:\/\/4colores.com.mx\/entrada\/wp-json\/wp\/v2\/pages\/34","targetHints":{"allow":["GET"]}}],"collection":[{"href":"https:\/\/4colores.com.mx\/entrada\/wp-json\/wp\/v2\/pages"}],"about":[{"href":"https:\/\/4colores.com.mx\/entrada\/wp-json\/wp\/v2\/types\/page"}],"author":[{"embeddable":true,"href":"https:\/\/4colores.com.mx\/entrada\/wp-json\/wp\/v2\/users\/1"}],"replies":[{"embeddable":true,"href":"https:\/\/4colores.com.mx\/entrada\/wp-json\/wp\/v2\/comments?post=34"}],"version-history":[{"count":10,"href":"https:\/\/4colores.com.mx\/entrada\/wp-json\/wp\/v2\/pages\/34\/revisions"}],"predecessor-version":[{"id":131,"href":"https:\/\/4colores.com.mx\/entrada\/wp-json\/wp\/v2\/pages\/34\/revisions\/131"}],"up":[{"embeddable":true,"href":"https:\/\/4colores.com.mx\/entrada\/wp-json\/wp\/v2\/pages\/2"}],"wp:attachment":[{"href":"https:\/\/4colores.com.mx\/entrada\/wp-json\/wp\/v2\/media?parent=34"}],"curies":[{"name":"wp","href":"https:\/\/api.w.org\/{rel}","templated":true}]}}