{"id":36,"date":"2015-12-10T01:30:42","date_gmt":"2015-12-10T01:30:42","guid":{"rendered":"http:\/\/4colores.com.mx\/entrada\/?page_id=36"},"modified":"2016-02-24T21:05:20","modified_gmt":"2016-02-25T03:05:20","slug":"credenciales-de-pvc","status":"publish","type":"page","link":"https:\/\/4colores.com.mx\/entrada\/servicios\/credenciales-de-pvc\/","title":{"rendered":"Credenciales de PVC"},"content":{"rendered":"<p>Una credencial no s\u00f3lo son una herramienta de identificaci\u00f3n y seguridad sino que tienen la funci\u00f3n de fortalecer el v\u00ednculo entre la instituci\u00f3n y el afiliado ya que lo incluye y acredita como parte de su imagen. son ideales para: escuelas, clubs deportivos, servicios m\u00e9dicos y est\u00e9ticos, membres\u00edas de descuento, membres\u00eda de cliente frecuente, fichas de paqueter\u00eda y creativas como invitaciones, carta amor, chuscas, y mucho mucho m\u00e1s\u2026<\/p>\n<p>Contamos con un equipo de dise\u00f1adores gr\u00e1ficos profesionales, por lo que garantizamos su satisfacci\u00f3n total no s\u00f3lo en el dise\u00f1o de su credencial sino tambi\u00e9n en el dise\u00f1o de su logotipo profesional y\/o imagen corporativa si lo requiere.<\/p>\n<p>Tenemos la particularidad de elaborar tanto menudeo como mayoreo, con un m\u00ednimo de 10 piezas (que pueden ser de diferentes dise\u00f1os) para entrega en el \u00e1rea metropolitana sin costo adicional, adem\u00e1s de ofrecer precios competitivos pues somos maquiladores.<\/p>\n<p>Visite nuestro sitio y\/o cont\u00e1ctenos:<\/p>\n<p><strong>www.credenciales-pvc.com.mx<\/strong><\/p>\n<p><strong>Ventas:<\/strong><br \/>\n<em>Mariela V\u00e1zquez<\/em><br \/>\nmariela@credenciales-pvc.com.mx<br \/>\n<a href=\"http:\/\/credenciales-pvc.com.mx\/wp-content\/uploads\/2015\/10\/whatsapp-viber-line.jpg\"><img loading=\"lazy\" decoding=\"async\" class=\"alignnone wp-image-144\" src=\"http:\/\/credenciales-pvc.com.mx\/wp-content\/uploads\/2015\/10\/whatsapp-viber-line.jpg\" alt=\"whatsapp-viber-line\" width=\"102\" height=\"28\" \/><\/a>\u00a0 55-50545247<\/p>\n<table>\n<tbody>\n<tr>\n<td width=\"294\">\u00a0<a href=\"http:\/\/4colores.com.mx\/entrada\/wp-content\/uploads\/2015\/12\/abirmeco-personal-fte-2-300x193.jpg\"><img loading=\"lazy\" decoding=\"async\" class=\"alignnone size-medium wp-image-135\" src=\"http:\/\/4colores.com.mx\/entrada\/wp-content\/uploads\/2015\/12\/abirmeco-personal-fte-2-300x193-300x193.jpg\" alt=\"abirmeco-personal-fte-2-300x193\" width=\"300\" height=\"193\" \/><\/a><\/p>\n<p style=\"text-align: center;\">Credenciales<\/p>\n<\/td>\n<td width=\"294\">\u00a0 <a href=\"http:\/\/4colores.com.mx\/entrada\/wp-content\/uploads\/2015\/12\/sonrisa-membres\u00eda-300x192.png\"><img loading=\"lazy\" decoding=\"async\" class=\"alignnone size-medium wp-image-136\" src=\"http:\/\/4colores.com.mx\/entrada\/wp-content\/uploads\/2015\/12\/sonrisa-membres\u00eda-300x192-300x192.png\" alt=\"sonrisa-membres\u00eda-300x192\" width=\"300\" height=\"192\" \/><\/a><\/p>\n<p style=\"text-align: center;\">Membres\u00edas<\/p>\n<\/td>\n<\/tr>\n<tr>\n<td width=\"294\">\n<p style=\"text-align: center;\"><a href=\"http:\/\/4colores.com.mx\/entrada\/wp-content\/uploads\/2015\/12\/gafetes-creativos.png\"><img loading=\"lazy\" decoding=\"async\" class=\"alignnone size-medium wp-image-137\" src=\"http:\/\/4colores.com.mx\/entrada\/wp-content\/uploads\/2015\/12\/gafetes-creativos-300x206.png\" alt=\"gafetes-creativos\" width=\"300\" height=\"206\" srcset=\"https:\/\/4colores.com.mx\/entrada\/wp-content\/uploads\/2015\/12\/gafetes-creativos-300x206.png 300w, https:\/\/4colores.com.mx\/entrada\/wp-content\/uploads\/2015\/12\/gafetes-creativos.png 512w\" sizes=\"auto, (max-width: 300px) 100vw, 300px\" \/><\/a><\/p>\n<p style=\"text-align: center;\">Gafetes<\/p>\n<\/td>\n<td width=\"294\">\u00a0<a href=\"http:\/\/4colores.com.mx\/entrada\/wp-content\/uploads\/2015\/12\/banamex2.jpg\"><img loading=\"lazy\" decoding=\"async\" class=\"alignnone size-medium wp-image-138\" src=\"http:\/\/4colores.com.mx\/entrada\/wp-content\/uploads\/2015\/12\/banamex2-300x191.jpg\" alt=\"banamex2\" width=\"300\" height=\"191\" srcset=\"https:\/\/4colores.com.mx\/entrada\/wp-content\/uploads\/2015\/12\/banamex2-300x191.jpg 300w, https:\/\/4colores.com.mx\/entrada\/wp-content\/uploads\/2015\/12\/banamex2.jpg 400w\" sizes=\"auto, (max-width: 300px) 100vw, 300px\" \/><\/a><\/p>\n<p style=\"text-align: center;\">Creativas<\/p>\n<\/td>\n<\/tr>\n<\/tbody>\n<\/table>\n","protected":false},"excerpt":{"rendered":"<p>Una credencial no s\u00f3lo son una herramienta de identificaci\u00f3n y seguridad sino que tienen la funci\u00f3n de fortalecer el v\u00ednculo entre la instituci\u00f3n y el afiliado ya que lo incluye y acredita como parte de su imagen. son ideales para: escuelas, clubs deportivos, servicios m\u00e9dicos y est\u00e9ticos, membres\u00edas de descuento, membres\u00eda de cliente frecuente, fichas [&hellip;]<\/p>\n","protected":false},"author":1,"featured_media":0,"parent":2,"menu_order":0,"comment_status":"closed","ping_status":"closed","template":"","meta":{"footnotes":""},"class_list":["post-36","page","type-page","status-publish","hentry"],"_links":{"self":[{"href":"https:\/\/4colores.com.mx\/entrada\/wp-json\/wp\/v2\/pages\/36","targetHints":{"allow":["GET"]}}],"collection":[{"href":"https:\/\/4colores.com.mx\/entrada\/wp-json\/wp\/v2\/pages"}],"about":[{"href":"https:\/\/4colores.com.mx\/entrada\/wp-json\/wp\/v2\/types\/page"}],"author":[{"embeddable":true,"href":"https:\/\/4colores.com.mx\/entrada\/wp-json\/wp\/v2\/users\/1"}],"replies":[{"embeddable":true,"href":"https:\/\/4colores.com.mx\/entrada\/wp-json\/wp\/v2\/comments?post=36"}],"version-history":[{"count":13,"href":"https:\/\/4colores.com.mx\/entrada\/wp-json\/wp\/v2\/pages\/36\/revisions"}],"predecessor-version":[{"id":149,"href":"https:\/\/4colores.com.mx\/entrada\/wp-json\/wp\/v2\/pages\/36\/revisions\/149"}],"up":[{"embeddable":true,"href":"https:\/\/4colores.com.mx\/entrada\/wp-json\/wp\/v2\/pages\/2"}],"wp:attachment":[{"href":"https:\/\/4colores.com.mx\/entrada\/wp-json\/wp\/v2\/media?parent=36"}],"curies":[{"name":"wp","href":"https:\/\/api.w.org\/{rel}","templated":true}]}}